{"id":328885,"date":"2024-11-22T10:01:14","date_gmt":"2024-11-22T10:01:14","guid":{"rendered":"https:\/\/socialhackerslab.com\/?page_id=328885"},"modified":"2024-12-15T15:21:40","modified_gmt":"2024-12-15T15:21:40","slug":"les-ateliers","status":"publish","type":"page","link":"https:\/\/socialhackerslab.com\/en\/les-ateliers\/","title":{"rendered":"Les ateliers"},"content":{"rendered":"You must be logged in to view this content.","protected":false},"excerpt":{"rendered":"You must be logged in to view this content.","protected":false},"author":1,"featured_media":0,"parent":0,"menu_order":0,"comment_status":"closed","ping_status":"closed","template":"page-template-blank.php","meta":{"_et_pb_use_builder":"on","_et_pb_old_content":"","_et_gb_content_width":"","footnotes":""},"class_list":["post-328885","page","type-page","status-publish","hentry"],"yoast_head":"<!-- This site is optimized with the Yoast SEO plugin v27.5 - https:\/\/yoast.com\/product\/yoast-seo-wordpress\/ -->\n<title>Les ateliers - Social Hackers Lab<\/title>\n<meta name=\"robots\" content=\"index, follow, max-snippet:-1, max-image-preview:large, max-video-preview:-1\" \/>\n<link rel=\"canonical\" href=\"https:\/\/socialhackerslab.com\/en\/les-ateliers\/\" \/>\n<meta property=\"og:locale\" content=\"en_GB\" \/>\n<meta property=\"og:type\" content=\"article\" \/>\n<meta property=\"og:title\" content=\"Les ateliers - Social Hackers Lab\" \/>\n<meta property=\"og:description\" content=\"404Page you&#039;re looking for might no Exist. Please try to Search below.\" \/>\n<meta property=\"og:url\" content=\"https:\/\/socialhackerslab.com\/en\/les-ateliers\/\" \/>\n<meta property=\"og:site_name\" content=\"Social Hackers Lab\" \/>\n<meta property=\"article:publisher\" content=\"https:\/\/www.facebook.com\/profile.php?id=61561806211570\" \/>\n<meta property=\"article:modified_time\" content=\"2024-12-15T15:21:40+00:00\" \/>\n<meta property=\"og:image\" content=\"https:\/\/socialhackerslab.com\/wp-content\/uploads\/2024\/10\/Social-Hacker-Lab-1.png\" \/>\n\t<meta property=\"og:image:width\" content=\"250\" \/>\n\t<meta property=\"og:image:height\" content=\"140\" \/>\n\t<meta property=\"og:image:type\" content=\"image\/png\" \/>\n<meta name=\"twitter:card\" content=\"summary_large_image\" \/>\n<meta name=\"twitter:label1\" content=\"Estimated reading time\" \/>\n\t<meta name=\"twitter:data1\" content=\"7 minutes\" \/>\n<script type=\"application\/ld+json\" class=\"yoast-schema-graph\">{\"@context\":\"https:\\\/\\\/schema.org\",\"@graph\":[{\"@type\":\"WebPage\",\"@id\":\"https:\\\/\\\/socialhackerslab.com\\\/les-ateliers\\\/\",\"url\":\"https:\\\/\\\/socialhackerslab.com\\\/les-ateliers\\\/\",\"name\":\"Les ateliers - Social Hackers Lab\",\"isPartOf\":{\"@id\":\"https:\\\/\\\/socialhackerslab.com\\\/#website\"},\"datePublished\":\"2024-11-22T10:01:14+00:00\",\"dateModified\":\"2024-12-15T15:21:40+00:00\",\"breadcrumb\":{\"@id\":\"https:\\\/\\\/socialhackerslab.com\\\/les-ateliers\\\/#breadcrumb\"},\"inLanguage\":\"en-GB\",\"potentialAction\":[{\"@type\":\"ReadAction\",\"target\":[\"https:\\\/\\\/socialhackerslab.com\\\/les-ateliers\\\/\"]}]},{\"@type\":\"BreadcrumbList\",\"@id\":\"https:\\\/\\\/socialhackerslab.com\\\/les-ateliers\\\/#breadcrumb\",\"itemListElement\":[{\"@type\":\"ListItem\",\"position\":1,\"name\":\"Accueil\",\"item\":\"https:\\\/\\\/socialhackerslab.com\\\/\"},{\"@type\":\"ListItem\",\"position\":2,\"name\":\"Les ateliers\"}]},{\"@type\":\"WebSite\",\"@id\":\"https:\\\/\\\/socialhackerslab.com\\\/#website\",\"url\":\"https:\\\/\\\/socialhackerslab.com\\\/\",\"name\":\"SocialHackersLab\",\"description\":\"Hacking Social pour une soci\u00e9t\u00e9 \u00e9galitaire\",\"publisher\":{\"@id\":\"https:\\\/\\\/socialhackerslab.com\\\/#organization\"},\"potentialAction\":[{\"@type\":\"SearchAction\",\"target\":{\"@type\":\"EntryPoint\",\"urlTemplate\":\"https:\\\/\\\/socialhackerslab.com\\\/?s={search_term_string}\"},\"query-input\":{\"@type\":\"PropertyValueSpecification\",\"valueRequired\":true,\"valueName\":\"search_term_string\"}}],\"inLanguage\":\"en-GB\"},{\"@type\":\"Organization\",\"@id\":\"https:\\\/\\\/socialhackerslab.com\\\/#organization\",\"name\":\"Social Hackers Lab\",\"url\":\"https:\\\/\\\/socialhackerslab.com\\\/\",\"logo\":{\"@type\":\"ImageObject\",\"inLanguage\":\"en-GB\",\"@id\":\"https:\\\/\\\/socialhackerslab.com\\\/#\\\/schema\\\/logo\\\/image\\\/\",\"url\":\"https:\\\/\\\/socialhackerslab.com\\\/wp-content\\\/uploads\\\/2024\\\/10\\\/BW-SHL.png\",\"contentUrl\":\"https:\\\/\\\/socialhackerslab.com\\\/wp-content\\\/uploads\\\/2024\\\/10\\\/BW-SHL.png\",\"width\":3431,\"height\":3431,\"caption\":\"Social Hackers Lab\"},\"image\":{\"@id\":\"https:\\\/\\\/socialhackerslab.com\\\/#\\\/schema\\\/logo\\\/image\\\/\"},\"sameAs\":[\"https:\\\/\\\/www.facebook.com\\\/profile.php?id=61561806211570\",\"https:\\\/\\\/www.linkedin.com\\\/company\\\/socialhackerslab\\\/\"]}]}<\/script>\n<!-- \/ Yoast SEO plugin. -->","yoast_head_json":{"title":"Les ateliers - Social Hackers Lab","robots":{"index":"index","follow":"follow","max-snippet":"max-snippet:-1","max-image-preview":"max-image-preview:large","max-video-preview":"max-video-preview:-1"},"canonical":"https:\/\/socialhackerslab.com\/en\/les-ateliers\/","og_locale":"en_GB","og_type":"article","og_title":"Les ateliers - Social Hackers Lab","og_description":"404Page you're looking for might no Exist. Please try to Search below.","og_url":"https:\/\/socialhackerslab.com\/en\/les-ateliers\/","og_site_name":"Social Hackers Lab","article_publisher":"https:\/\/www.facebook.com\/profile.php?id=61561806211570","article_modified_time":"2024-12-15T15:21:40+00:00","og_image":[{"width":250,"height":140,"url":"https:\/\/socialhackerslab.com\/wp-content\/uploads\/2024\/10\/Social-Hacker-Lab-1.png","type":"image\/png"}],"twitter_card":"summary_large_image","twitter_misc":{"Estimated reading time":"7 minutes"},"schema":{"@context":"https:\/\/schema.org","@graph":[{"@type":"WebPage","@id":"https:\/\/socialhackerslab.com\/les-ateliers\/","url":"https:\/\/socialhackerslab.com\/les-ateliers\/","name":"Les ateliers - Social Hackers Lab","isPartOf":{"@id":"https:\/\/socialhackerslab.com\/#website"},"datePublished":"2024-11-22T10:01:14+00:00","dateModified":"2024-12-15T15:21:40+00:00","breadcrumb":{"@id":"https:\/\/socialhackerslab.com\/les-ateliers\/#breadcrumb"},"inLanguage":"en-GB","potentialAction":[{"@type":"ReadAction","target":["https:\/\/socialhackerslab.com\/les-ateliers\/"]}]},{"@type":"BreadcrumbList","@id":"https:\/\/socialhackerslab.com\/les-ateliers\/#breadcrumb","itemListElement":[{"@type":"ListItem","position":1,"name":"Accueil","item":"https:\/\/socialhackerslab.com\/"},{"@type":"ListItem","position":2,"name":"Les ateliers"}]},{"@type":"WebSite","@id":"https:\/\/socialhackerslab.com\/#website","url":"https:\/\/socialhackerslab.com\/","name":"SocialHackersLab","description":"Hacking Social pour une soci\u00e9t\u00e9 \u00e9galitaire","publisher":{"@id":"https:\/\/socialhackerslab.com\/#organization"},"potentialAction":[{"@type":"SearchAction","target":{"@type":"EntryPoint","urlTemplate":"https:\/\/socialhackerslab.com\/?s={search_term_string}"},"query-input":{"@type":"PropertyValueSpecification","valueRequired":true,"valueName":"search_term_string"}}],"inLanguage":"en-GB"},{"@type":"Organization","@id":"https:\/\/socialhackerslab.com\/#organization","name":"Social Hackers Lab","url":"https:\/\/socialhackerslab.com\/","logo":{"@type":"ImageObject","inLanguage":"en-GB","@id":"https:\/\/socialhackerslab.com\/#\/schema\/logo\/image\/","url":"https:\/\/socialhackerslab.com\/wp-content\/uploads\/2024\/10\/BW-SHL.png","contentUrl":"https:\/\/socialhackerslab.com\/wp-content\/uploads\/2024\/10\/BW-SHL.png","width":3431,"height":3431,"caption":"Social Hackers Lab"},"image":{"@id":"https:\/\/socialhackerslab.com\/#\/schema\/logo\/image\/"},"sameAs":["https:\/\/www.facebook.com\/profile.php?id=61561806211570","https:\/\/www.linkedin.com\/company\/socialhackerslab\/"]}]}},"_links":{"self":[{"href":"https:\/\/socialhackerslab.com\/en\/wp-json\/wp\/v2\/pages\/328885","targetHints":{"allow":["GET"]}}],"collection":[{"href":"https:\/\/socialhackerslab.com\/en\/wp-json\/wp\/v2\/pages"}],"about":[{"href":"https:\/\/socialhackerslab.com\/en\/wp-json\/wp\/v2\/types\/page"}],"author":[{"embeddable":true,"href":"https:\/\/socialhackerslab.com\/en\/wp-json\/wp\/v2\/users\/1"}],"replies":[{"embeddable":true,"href":"https:\/\/socialhackerslab.com\/en\/wp-json\/wp\/v2\/comments?post=328885"}],"version-history":[{"count":84,"href":"https:\/\/socialhackerslab.com\/en\/wp-json\/wp\/v2\/pages\/328885\/revisions"}],"predecessor-version":[{"id":329414,"href":"https:\/\/socialhackerslab.com\/en\/wp-json\/wp\/v2\/pages\/328885\/revisions\/329414"}],"wp:attachment":[{"href":"https:\/\/socialhackerslab.com\/en\/wp-json\/wp\/v2\/media?parent=328885"}],"curies":[{"name":"wp","href":"https:\/\/api.w.org\/{rel}","templated":true}]}}